{"id":80,"date":"2017-05-15T10:52:58","date_gmt":"2017-05-15T08:52:58","guid":{"rendered":"https:\/\/www.gsfun.krefeld.schulen.net\/wordpress\/?page_id=80"},"modified":"2025-10-10T17:12:00","modified_gmt":"2025-10-10T15:12:00","slug":"die-geschwister-scholl","status":"publish","type":"page","link":"https:\/\/www.gsfun.krefeld.schulen.net\/wordpress\/die-geschwister-scholl\/","title":{"rendered":"Die Geschwister Scholl"},"content":{"rendered":"\n<p><strong>Der Name unserer Schule: Wer waren eigentlich die Geschwister Scholl?<\/strong><br><br>Die Geschwister Scholl lebten in der Zeit in Deutschland, als Adolf Hitler und die Nationalsozialisten (Nazis) Deutschland regierten.<br><br>Es war eine furchtbare Zeit: Niemand in Deutschland durfte offen seine Meinung sagen, wenn er gegen die Nazis war, dann kam er sofort ins Gef\u00e4ngnis.<br><br>Viele Menschen wurden verfolgt und umgebracht, weil sie &#8222;anders&#8220; waren, zum Beispiel die Menschen j\u00fcdischen Glaubens, Behinderte, Menschen mit anderer Hautfarbe oder einfach Menschen, die anders dachten als die Nazis.<br><br>Fast niemand traute sich, gegen die Nazis etwas zu unternehmen, denn das war ja lebensgef\u00e4hrlich. Wer dabei erwischt wurde, konnte sogar zum Tode verurteilt werden.<br><br>Die Geschwister Scholl jedoch haben sich getraut!<\/p>\n\n\n\n<div style=\"height:34px\" aria-hidden=\"true\" class=\"wp-block-spacer\"><\/div>\n\n\n\n<div class=\"wp-block-columns is-layout-flex wp-container-core-columns-is-layout-9d6595d7 wp-block-columns-is-layout-flex\">\n<div class=\"wp-block-column is-layout-flow wp-block-column-is-layout-flow\" style=\"flex-basis:33.33%\">\n<div class=\"wp-block-group is-content-justification-left is-nowrap is-layout-flex wp-container-core-group-is-layout-f56a869c wp-block-group-is-layout-flex\">\n<figure class=\"wp-block-image size-full\"><img loading=\"lazy\" decoding=\"async\" width=\"100\" height=\"140\" src=\"https:\/\/www.gsfun.krefeld.schulen.net\/wordpress\/wp-content\/uploads\/2017\/05\/hans_scholl_100x140.jpg\" alt=\"\" class=\"wp-image-364\"\/><\/figure>\n\n\n\n<figure class=\"wp-block-image size-full\"><img loading=\"lazy\" decoding=\"async\" width=\"100\" height=\"140\" src=\"https:\/\/www.gsfun.krefeld.schulen.net\/wordpress\/wp-content\/uploads\/2017\/05\/sophie_scholl_100x140.jpg\" alt=\"\" class=\"wp-image-365\"\/><\/figure>\n<\/div>\n<\/div>\n\n\n\n<div class=\"wp-block-column is-layout-flow wp-block-column-is-layout-flow\" style=\"flex-basis:66.66%\">\n<p><strong>Hans&nbsp;und&nbsp;Sophie&nbsp;Scholl<\/strong>&nbsp;waren beide noch sehr junge Menschen, die gerade die Schule beendet hatten. Sie wollten das Unrecht, das in Deutschland geschah, nicht mehr einfach so mit ansehen. Sophie sagte einmal: &#8222;Man muss etwas machen, um keine Schuld zu haben.&#8220;<\/p>\n<\/div>\n<\/div>\n\n\n\n<div style=\"height:34px\" aria-hidden=\"true\" class=\"wp-block-spacer\"><\/div>\n\n\n\n<p>Deshalb gr\u00fcndeten sie mit einigen Freunden die Widerstandsgruppe &#8222;Wei\u00dfe Rose&#8220;. Die Gruppe schrieb Flugbl\u00e4tter, in denen sie ihre Mitmenschen in Deutschland aufforderten, auch etwas gegen Hitler zu unternehmen. Diese Flugbl\u00e4tter verteilten sie heimlich, so dass andere sie finden und lesen konnten.<br><br>Das Drucken und Verteilen dieser Zettel war sehr gef\u00e4hrlich, denn niemand durfte sie dabei sehen. Einige Zeit lang ging es gut. F\u00fcnf Flugbl\u00e4tter wurden in verschiedenen St\u00e4dten verteilt, ohne dass jemand bemerkte, wer die Flugbl\u00e4tter verteilt hatte.<br><br>Beim Verteilen des sechsten Flugblattes in der M\u00fcnchener Universit\u00e4t wurden Hans und Sophie jedoch gesehen. Die Nazis nahmen sie sofort fest und brachten sie ins Gef\u00e4ngnis.<br><br>Dort wurden sie drei Tage lang verh\u00f6rt und dann am 22. Februar 1943 zum Tode verurteilt. Noch am selben Tage mussten sie sterben. Kurz bevor die Nazis ihn umbrachten, rief Hans noch so laut, dass es durch das Gef\u00e4ngnis hallte: &#8222;Es lebe die Freiheit!&#8220;<br><br><em>Sophie wurde nur 21 Jahre alt. Hans war 24 Jahre alt, als er hingerichtet wurde.<\/em><br><br><strong>Warum ist die Geschichte von Hans und Sophie Scholl heute noch wichtig?<\/strong><br><br>Die Geschichte dieser beiden jungen, mutigen Helden ist nun schon sehr alt. Und trotzdem ist sie bis heute aktuell. Hans und Sophie Scholl wollten nicht tatenlos mit ansehen, wie unschuldigen Menschen Unrecht angetan wurde. Obwohl sie diese anderen Menschen ja gar nicht pers\u00f6nlich kannten.<br><br><strong>Ihr k\u00f6nnt auch Unschuldigen helfen, wenn ihr den Mut dazu aufbringt.<\/strong><br><br>Zum Beispiel k\u00f6nnt ihr eingreifen und &#8222;Stopp&#8220; sagen, wenn Mitsch\u00fcler geh\u00e4nselt oder gepr\u00fcgelt werden. Ihr k\u00f6nnt also Schwache in Schutz nehmen und Ungerechtigkeiten verhindern.<\/p>\n","protected":false},"excerpt":{"rendered":"<p>Der Name unserer Schule: Wer waren eigentlich die Geschwister Scholl? Die Geschwister Scholl lebten in der Zeit in Deutschland, als Adolf Hitler und die Nationalsozialisten (Nazis) Deutschland regierten. Es war eine furchtbare Zeit: Niemand in Deutschland durfte offen seine Meinung<\/p>\n","protected":false},"author":5,"featured_media":0,"parent":0,"menu_order":0,"comment_status":"closed","ping_status":"closed","template":"","meta":{"footnotes":""},"class_list":["post-80","page","type-page","status-publish","hentry"],"_links":{"self":[{"href":"https:\/\/www.gsfun.krefeld.schulen.net\/wordpress\/wp-json\/wp\/v2\/pages\/80","targetHints":{"allow":["GET"]}}],"collection":[{"href":"https:\/\/www.gsfun.krefeld.schulen.net\/wordpress\/wp-json\/wp\/v2\/pages"}],"about":[{"href":"https:\/\/www.gsfun.krefeld.schulen.net\/wordpress\/wp-json\/wp\/v2\/types\/page"}],"author":[{"embeddable":true,"href":"https:\/\/www.gsfun.krefeld.schulen.net\/wordpress\/wp-json\/wp\/v2\/users\/5"}],"replies":[{"embeddable":true,"href":"https:\/\/www.gsfun.krefeld.schulen.net\/wordpress\/wp-json\/wp\/v2\/comments?post=80"}],"version-history":[{"count":16,"href":"https:\/\/www.gsfun.krefeld.schulen.net\/wordpress\/wp-json\/wp\/v2\/pages\/80\/revisions"}],"predecessor-version":[{"id":3396,"href":"https:\/\/www.gsfun.krefeld.schulen.net\/wordpress\/wp-json\/wp\/v2\/pages\/80\/revisions\/3396"}],"wp:attachment":[{"href":"https:\/\/www.gsfun.krefeld.schulen.net\/wordpress\/wp-json\/wp\/v2\/media?parent=80"}],"curies":[{"name":"wp","href":"https:\/\/api.w.org\/{rel}","templated":true}]}}