{"id":75,"date":"2017-05-15T10:51:18","date_gmt":"2017-05-15T08:51:18","guid":{"rendered":"https:\/\/www.gsfun.krefeld.schulen.net\/wordpress\/?page_id=75"},"modified":"2025-05-14T10:59:03","modified_gmt":"2025-05-14T08:59:03","slug":"termine-2020-2021","status":"publish","type":"page","link":"https:\/\/www.gsfun.krefeld.schulen.net\/wordpress\/termine-2020-2021\/","title":{"rendered":"Termine 2020\/2021"},"content":{"rendered":"\n<p>&nbsp;<br><strong>Hier eine \u00dcbersicht \u00fcber alle Termine (wird bedarfsweise aktualisiert):<\/strong><\/p>\n\n\n\n<p>Schulgottesdienste siehe separate \u00dcbersicht (<a href=\"https:\/\/www.gsfun.krefeld.schulen.net\/wordpress\/schulgottesdienste\n\/\">hier klicken<\/a>)<br>&nbsp;<\/p>\n\n\n\n<figure class=\"wp-block-table\"><table class=\"has-fixed-layout\"><tbody><tr><td><strong>2020<\/strong><\/td><td>&nbsp;<\/td><\/tr><tr><td>12.08.<\/td><td>Erster Schultag<\/td><\/tr><tr><td>13.08.<\/td><td>Einschulung der Schulneulinge<\/td><\/tr><tr><td>21.08.<\/td><td>Fotografin Frau Hein, 1. Schuljahr ab 9:00 Uhr<\/td><\/tr><tr><td>21.09.<\/td><td>Ganztageskonferenz \u201eErste-Hilfe\u201c, unterrichtsfrei (OGS\/Betreuung ge\u00f6ffnet)<\/td><\/tr><tr><td>29.09.<\/td><td>F\u00f6rdervereinssitzung (Jahreshauptversammlung 19:30 Uhr in der Mensa)<\/td><\/tr><tr><td>05.10. \u2013 09.10.<\/td><td>Anmeldungen Schulneulinge f\u00fcr das kommende Schuljahr, individuelle Termine<\/td><\/tr><tr><td>06.10.<\/td><td>Anmeldungen f\u00fcr Schulneulinge ohne vorherige Terminvereinbarung 16-18:00 Uhr<\/td><\/tr><tr><td>08.10.2020<\/td><td>Schulpflegschaftssitzung in der Mensa<\/td><\/tr><tr><td><strong>12.10. \u2013 24.10.<\/strong><\/td><td><strong>Herbstferien (Betreuung\/OGS&nbsp; sind in der 2. Woche geschlossen)<\/strong><\/td><\/tr><tr><td>30.10.<\/td><td>Laternenbasteltag 1.-4.Stunde (diesmal ohne Elternhilfe), 5.\/6. Stunde unterrichtsfrei<\/td><\/tr><tr><td>29.10.<\/td><td>Schulkonferenz 19:30 Uhr<\/td><\/tr><tr><td>09.11. \u2013 12.11.<\/td><td>Laternenausstellung als Schaufenster-Angebot<\/td><\/tr><tr><td>ab 16.11.<\/td><td>Elternsprechtage<\/td><\/tr><tr><td><strong>23.12. \u2013 06.01.<\/strong><\/td><td><strong>Weihnachtsferien (Betreuung\/OGS ab dem 04.01. wieder ge\u00f6ffnet)<\/strong><\/td><\/tr><tr><td><strong>2021<\/strong><\/td><td>&nbsp;<\/td><\/tr><tr><td>11.02.<\/td><td>Donnerstag: Karneval in der Schule (Schulschluss um 11:00 Uhr)<\/td><\/tr><tr><td>12.02.<\/td><td>Freitag: Beweglicher Ferientag<\/td><\/tr><tr><td>15.02.<\/td><td>Rosenmontag, OGS\/Betreuung geschlossen<\/td><\/tr><tr><td><strong>29.03. \u2013 10.04.<\/strong><\/td><td><strong>Osterferien (Betreuung\/OGS&nbsp; sind in der 2. Woche geschlossen)<\/strong><\/td><\/tr><tr><td>ab 11.04.<\/td><td>Elternsprechtage<\/td><\/tr><tr><td>13.\/14.05.<\/td><td>Christi Himmelfahrt und Br\u00fcckentag<br>(unterrichtsfrei, am 14.05. sind OGS\/Betreuung ge\u00f6ffnet)<\/td><\/tr><tr><td>danach<\/td><td>Projektwoche<\/td><\/tr><tr><td>25.05.<\/td><td><strong>Pfingstferien&nbsp;(unterrichtsfrei, OGS\/Betreuung ge\u00f6ffnet)<\/strong><\/td><\/tr><tr><td>03.\/04.06.<\/td><td>Fronleichnam und Br\u00fcckentag (unterrichtsfrei,&nbsp; am 04.06. sind OGS\/Betreuung ge\u00f6ffnet)<\/td><\/tr><tr><td>21.06.<\/td><td>Ganztageskonferenz im Lehrerkollegium (unterrichtsfrei, OGS\/Betreuung ge\u00f6ffnet)<\/td><\/tr><tr><td>04.07.<\/td><td>letzter Schultag, Zeugnisausgabe Unterrichtsschluss 11:00 Uhr<\/td><\/tr><tr><td><strong>05.07. \u2013 17.08.<\/strong><\/td><td><strong>SOMMERFERIEN&nbsp;<\/strong><strong>(Betreuung\/OGS in den ersten 3 Wochen geschlossen, &nbsp;ab 26.07. wieder ge\u00f6ffnet)<\/strong><\/td><\/tr><\/tbody><\/table><\/figure>\n\n\n\n<p><b>Termine des Schuljahres 2019\/2020 finden Sie <a href=\"https:\/\/www.gsfun.krefeld.schulen.net\/wordpress\/termin-2019-2020\/\">hier<\/a>.<\/b><\/p>\n","protected":false},"excerpt":{"rendered":"<p>&nbsp;Hier eine \u00dcbersicht \u00fcber alle Termine (wird bedarfsweise aktualisiert): Schulgottesdienste siehe separate \u00dcbersicht (hier klicken)&nbsp; 2020 &nbsp; 12.08. Erster Schultag 13.08. Einschulung der Schulneulinge 21.08. Fotografin Frau Hein, 1. Schuljahr ab 9:00 Uhr 21.09. Ganztageskonferenz \u201eErste-Hilfe\u201c, unterrichtsfrei (OGS\/Betreuung ge\u00f6ffnet) 29.09.<\/p>\n","protected":false},"author":5,"featured_media":0,"parent":0,"menu_order":0,"comment_status":"closed","ping_status":"closed","template":"","meta":{"footnotes":""},"class_list":["post-75","page","type-page","status-publish","hentry"],"_links":{"self":[{"href":"https:\/\/www.gsfun.krefeld.schulen.net\/wordpress\/wp-json\/wp\/v2\/pages\/75","targetHints":{"allow":["GET"]}}],"collection":[{"href":"https:\/\/www.gsfun.krefeld.schulen.net\/wordpress\/wp-json\/wp\/v2\/pages"}],"about":[{"href":"https:\/\/www.gsfun.krefeld.schulen.net\/wordpress\/wp-json\/wp\/v2\/types\/page"}],"author":[{"embeddable":true,"href":"https:\/\/www.gsfun.krefeld.schulen.net\/wordpress\/wp-json\/wp\/v2\/users\/5"}],"replies":[{"embeddable":true,"href":"https:\/\/www.gsfun.krefeld.schulen.net\/wordpress\/wp-json\/wp\/v2\/comments?post=75"}],"version-history":[{"count":116,"href":"https:\/\/www.gsfun.krefeld.schulen.net\/wordpress\/wp-json\/wp\/v2\/pages\/75\/revisions"}],"predecessor-version":[{"id":3075,"href":"https:\/\/www.gsfun.krefeld.schulen.net\/wordpress\/wp-json\/wp\/v2\/pages\/75\/revisions\/3075"}],"wp:attachment":[{"href":"https:\/\/www.gsfun.krefeld.schulen.net\/wordpress\/wp-json\/wp\/v2\/media?parent=75"}],"curies":[{"name":"wp","href":"https:\/\/api.w.org\/{rel}","templated":true}]}}