{"id":68,"date":"2017-05-15T10:48:45","date_gmt":"2017-05-15T08:48:45","guid":{"rendered":"https:\/\/www.gsfun.krefeld.schulen.net\/wordpress\/?page_id=68"},"modified":"2026-02-26T21:57:34","modified_gmt":"2026-02-26T20:57:34","slug":"ogata","status":"publish","type":"page","link":"https:\/\/www.gsfun.krefeld.schulen.net\/wordpress\/ogata\/","title":{"rendered":"Ogata"},"content":{"rendered":"<div class=\"wp-block-image\">\n<figure class=\"alignleft\"><a href=\"https:\/\/www.gsfun.krefeld.schulen.net\/wordpress\/wp-content\/uploads\/2017\/05\/20170529_085652_1000x500.jpg\"><img loading=\"lazy\" decoding=\"async\" width=\"1000\" height=\"500\" src=\"https:\/\/www.gsfun.krefeld.schulen.net\/wordpress\/wp-content\/uploads\/2017\/05\/20170529_085652_1000x500.jpg\" alt=\"\" class=\"wp-image-426\" srcset=\"https:\/\/www.gsfun.krefeld.schulen.net\/wordpress\/wp-content\/uploads\/2017\/05\/20170529_085652_1000x500.jpg 1000w, https:\/\/www.gsfun.krefeld.schulen.net\/wordpress\/wp-content\/uploads\/2017\/05\/20170529_085652_1000x500-300x150.jpg 300w, https:\/\/www.gsfun.krefeld.schulen.net\/wordpress\/wp-content\/uploads\/2017\/05\/20170529_085652_1000x500-768x384.jpg 768w\" sizes=\"auto, (max-width: 1000px) 100vw, 1000px\" \/><\/a><\/figure>\n<\/div>\n\n\n<p><\/p>\n\n\n\n<p><strong>Der offene Ganztag<\/strong><\/p>\n\n\n\n<ul class=\"wp-block-list\">\n<li>ab Unterrichtsschluss bis bis 16:15 Uhr<\/li>\n\n\n\n<li>warmes Mittagessen, Getr\u00e4nke, frisches Obst\/Gem\u00fcse<\/li>\n\n\n\n<li>Hausaufgabenbetreuung<\/li>\n\n\n\n<li>Betreuung an Schultagen und Ferientagen unter Beachtung der festgelegten Schlie\u00dfungstage<\/li>\n\n\n\n<li>Spiel- und Bastelangebot<\/li>\n\n\n\n<li>Teilnahme an Arbeitsgemeinschaften (AGs)<\/li>\n<\/ul>\n\n\n\n<p>Tr\u00e4ger: Stadt Krefeld<br>Kooperationspartner:&nbsp;<a href=\"http:\/\/www.tsv-bockum.de\/\" target=\"_blank\" rel=\"noopener noreferrer\">TSV Bockum gGmbH<\/a><br>Kosten: einkommensabh\u00e4ngig + Kosten f\u00fcr das Mittagessen<\/p>\n\n\n\n<p><strong>Ein typischer Ogata-Tag<\/strong><\/p>\n\n\n\n<p>Einige Sch\u00fcler kommen vor dem Unterricht in die Ogata. Dann wird gebastelt und gespielt bis der Unterricht losgeht und die Kinder in ihre Klassen gehen. Nach dem Unterricht kommen die Kinder in die Mensa, essen dort und gehen nach dem Essen in die Hausaufgabenbetreuung. Diese findet in den Klassenr\u00e4umen statt. Danach treffen sich die Kinder \u2013 abh\u00e4ngig vom Wetter und von Lust und Laune \u2013 in den Gruppenr\u00e4umen oder auf dem Schulhof. Drinnen wird gespielt mit Brettspielen, Legos, Bausteinen.<\/p>\n\n\n\n<p>Oder wir basteln, n\u00e4hen, sticken, basteln, malen. Am Mittag finden zus\u00e4tzlich die Arbeitsgemeinschaften statt, f\u00fcr die sich die Kinder zu Beginn eines Schuljahres anmelden k\u00f6nnen.<\/p>\n\n\n\n<p><strong>Die Arbeitsgemeinschaften<\/strong><\/p>\n\n\n\n<p>Zu den Arbeitsgemeinschaften k\u00f6nnen sich die Kinder zu Beginn eines Halbjahres fest anmelden. Diese finden nachmittags statt und sind kostenlos. Aktuell werden angeboten:<\/p>\n\n\n\n<ul class=\"wp-block-list\">\n<li>Schwimm-AG<br><br>Zoo-AG<br><br>Fu\u00dfball-AG<br><br>Holz-AG<\/li>\n<\/ul>\n\n\n\n<p><strong>Die Hausaufgabenbetreuung<\/strong><\/p>\n\n\n\n<p>Die Hausaufgabenbetreuung findet montags bis donnerstags von 12.45 bis 15.30 Uhr in verschiedenen Klassenr\u00e4umen statt. Die Kinder werden in dieser Zeit betreut von einigen Lehrern\/Lehrerinnen und weiteren Betreuern\/Betreuerinnen.<\/p>\n\n\n\n<p>Die Kinder sollen ihre Hausaufgaben m\u00f6glichst selbstst\u00e4ndig erledigen. Die Betreuer geben bei Fragen Hilfestellung und kontrollieren die Hausaufgaben nach Fertigstellung.<\/p>\n\n\n\n<p><strong>Die Ferienbetreuung<\/strong><\/p>\n\n\n\n<p>Die <a href=\"https:\/\/www.gsfun.krefeld.schulen.net\/wordpress\/termine\/\"><u>Ferienbetreuung<\/u><\/a> hat ein \u00fcbergeordnetes Thema. Dazu werden Ausfl\u00fcge, Bastelangebote und Freizeitangebote f\u00fcr den Schulhof angeboten. Eltern, deren Kinder an der Ferienbetreuung teilnehmen, erhalten einen Ferienplan, in dem alle Aktivit\u00e4ten ersichtlich sind.<\/p>\n\n\n\n<p><strong>Die Mensa<\/strong><\/p>\n\n\n\n<p>Die Mensa befindet sich im neuen Geb\u00e4ude. Die Kinder sitzen dort an Gruppentischen und essen gemeinsam. Das Essen wird von Apetito tiefgek\u00fchlt geliefert und von unserem K\u00fcchenpersonal im Konvektomaten frisch zubereitet. Die Kinder k\u00f6nnen sich am Tisch selbst bedienen. Wenn m\u00f6glich, essen die Mitarbeiter mit. Die Mitarbeiter achten dabei auf Tischregeln, Trinkverhalten und animieren die Kinder, neue Speisen zu probieren. Nach dem Essen wird alles gemeinsam am Tisch zusammengestellt.<\/p>\n\n\n\n<figure class=\"wp-block-image\"><a href=\"https:\/\/www.gsfun.krefeld.schulen.net\/wordpress\/wp-content\/uploads\/2021\/09\/neue-Mensa.jpg\"><img decoding=\"async\" src=\"https:\/\/www.gsfun.krefeld.schulen.net\/wordpress\/wp-content\/uploads\/2021\/09\/neue-Mensa.jpg\" alt=\"Neue Mensa\" class=\"wp-image-1452\"\/><\/a><\/figure>\n\n\n\n<p><\/p>\n","protected":false},"excerpt":{"rendered":"<p>Der offene Ganztag Tr\u00e4ger: Stadt KrefeldKooperationspartner:&nbsp;TSV Bockum gGmbHKosten: einkommensabh\u00e4ngig + Kosten f\u00fcr das Mittagessen Ein typischer Ogata-Tag Einige Sch\u00fcler kommen vor dem Unterricht in die Ogata. Dann wird gebastelt und gespielt bis der Unterricht losgeht und die Kinder in ihre<\/p>\n","protected":false},"author":5,"featured_media":261,"parent":0,"menu_order":0,"comment_status":"closed","ping_status":"closed","template":"","meta":{"footnotes":""},"class_list":["post-68","page","type-page","status-publish","has-post-thumbnail","hentry"],"_links":{"self":[{"href":"https:\/\/www.gsfun.krefeld.schulen.net\/wordpress\/wp-json\/wp\/v2\/pages\/68","targetHints":{"allow":["GET"]}}],"collection":[{"href":"https:\/\/www.gsfun.krefeld.schulen.net\/wordpress\/wp-json\/wp\/v2\/pages"}],"about":[{"href":"https:\/\/www.gsfun.krefeld.schulen.net\/wordpress\/wp-json\/wp\/v2\/types\/page"}],"author":[{"embeddable":true,"href":"https:\/\/www.gsfun.krefeld.schulen.net\/wordpress\/wp-json\/wp\/v2\/users\/5"}],"replies":[{"embeddable":true,"href":"https:\/\/www.gsfun.krefeld.schulen.net\/wordpress\/wp-json\/wp\/v2\/comments?post=68"}],"version-history":[{"count":26,"href":"https:\/\/www.gsfun.krefeld.schulen.net\/wordpress\/wp-json\/wp\/v2\/pages\/68\/revisions"}],"predecessor-version":[{"id":3476,"href":"https:\/\/www.gsfun.krefeld.schulen.net\/wordpress\/wp-json\/wp\/v2\/pages\/68\/revisions\/3476"}],"wp:featuredmedia":[{"embeddable":true,"href":"https:\/\/www.gsfun.krefeld.schulen.net\/wordpress\/wp-json\/wp\/v2\/media\/261"}],"wp:attachment":[{"href":"https:\/\/www.gsfun.krefeld.schulen.net\/wordpress\/wp-json\/wp\/v2\/media?parent=68"}],"curies":[{"name":"wp","href":"https:\/\/api.w.org\/{rel}","templated":true}]}}