{"id":3236,"date":"2025-08-28T09:14:11","date_gmt":"2025-08-28T07:14:11","guid":{"rendered":"https:\/\/www.gsfun.krefeld.schulen.net\/wordpress\/?page_id=3236"},"modified":"2025-09-07T14:33:18","modified_gmt":"2025-09-07T12:33:18","slug":"termine-2025-2026","status":"publish","type":"page","link":"https:\/\/www.gsfun.krefeld.schulen.net\/wordpress\/termine-2025-2026\/","title":{"rendered":"Termine 2025\/2026"},"content":{"rendered":"\n<p>Schlie\u00dfungszeiten der Betreuungseinrichtungen finden Sie&nbsp;<a href=\"https:\/\/www.gsfun.krefeld.schulen.net\/wordpress\/2025\/08\/28\/schliessungszeiten-der-betreuungseinrichtungen-und-festlegung-der-beweglichen-ferientage-im-schuljahr-2025-26\/\">hier<\/a>.<\/p>\n\n\n\n<div style=\"height:20px\" aria-hidden=\"true\" class=\"wp-block-spacer\"><\/div>\n\n\n\n<table id=\"tablepress-16\" class=\"tablepress tablepress-id-16\">\n<tbody class=\"row-striping row-hover\">\n<tr class=\"row-1\">\n\t<td class=\"column-1\">27.08.<\/td><td class=\"column-2\">1.Schultag , 16:00 Uhr Einschulungsgottesdienst f\u00fcr die Schulneulinge<\/td>\n<\/tr>\n<tr class=\"row-2\">\n\t<td class=\"column-1\">28.08.<\/td><td class=\"column-2\">Einschulung der Schulneulinge<\/td>\n<\/tr>\n<tr class=\"row-3\">\n\t<td class=\"column-1\">12.09.<\/td><td class=\"column-2\">Sponsorenlauf<\/td>\n<\/tr>\n<tr class=\"row-4\">\n\t<td class=\"column-1\">17. &#8211; 19.09.<\/td><td class=\"column-2\">Klasse 4c auf Klassenfahrt<\/td>\n<\/tr>\n<tr class=\"row-5\">\n\t<td class=\"column-1\">26.09.<\/td><td class=\"column-2\">Tag der offenen T\u00fcr 10:15 &#8211; 11:45 Uhr<\/td>\n<\/tr>\n<tr class=\"row-6\">\n\t<td class=\"column-1\">29.09. \/ 30.09.<\/td><td class=\"column-2\">Fotografin Frau Hein f\u00fcr die 1. Schuljahre<\/td>\n<\/tr>\n<tr class=\"row-7\">\n\t<td class=\"column-1\">29.09.<\/td><td class=\"column-2\">Jahreshauptversammlung F\u00f6rderverein 20 Uhr<\/td>\n<\/tr>\n<tr class=\"row-8\">\n\t<td class=\"column-1\">30.09.<\/td><td class=\"column-2\">Anmeldenachmittag f\u00fcr Schulneulinge 2026-27 von 14:30 &#8211; 18:00 Uhr<\/td>\n<\/tr>\n<tr class=\"row-9\">\n\t<td class=\"column-1\"><strong>02.10. !!!!<\/strong><\/td><td class=\"column-2\">Ganztageskonferenz Lehrkr\u00e4fte + OGS -> <strong>Schule (auch Betreuung!) geschlossen<\/strong><\/td>\n<\/tr>\n<tr class=\"row-10\">\n\t<td class=\"column-1\">07.10.<\/td><td class=\"column-2\">1. Schulpflegschaftssitzung<\/td>\n<\/tr>\n<tr class=\"row-11\">\n\t<td class=\"column-1\">06. &#8211; 10.10.<\/td><td class=\"column-2\">Projektwoche &quot;Tanzwoche&quot;<\/td>\n<\/tr>\n<tr class=\"row-12\">\n\t<td class=\"column-1\"><strong>11. &#8211; 26.10.<\/strong><\/td><td class=\"column-2\"><strong>Herbstferien (OGS\/Betreuung 1. Woche ge\u00f6ffnet)<\/strong><\/td>\n<\/tr>\n<tr class=\"row-13\">\n\t<td class=\"column-1\">28.10.<\/td><td class=\"column-2\">Laternenbasteltag<\/td>\n<\/tr>\n<tr class=\"row-14\">\n\t<td class=\"column-1\">29. &#8211; 31.10.<\/td><td class=\"column-2\">Klasse 4b auf Klassenfahrt<\/td>\n<\/tr>\n<tr class=\"row-15\">\n\t<td class=\"column-1\">03. &#8211; 06.11.<\/td><td class=\"column-2\">Laternenausstellung (Fensterausstellung)<\/td>\n<\/tr>\n<tr class=\"row-16\">\n\t<td class=\"column-1\">03. &#8211; 05.11.<\/td><td class=\"column-2\">Klasse 4a auf Klassenfahrt<\/td>\n<\/tr>\n<tr class=\"row-17\">\n\t<td class=\"column-1\">06.11.<\/td><td class=\"column-2\">Schulkonferenz<\/td>\n<\/tr>\n<tr class=\"row-18\">\n\t<td class=\"column-1\">07.11.<\/td><td class=\"column-2\">St. Martinsfest mit Martinszug durch die Donksiedlung<\/td>\n<\/tr>\n<tr class=\"row-19\">\n\t<td class=\"column-1\">11.11.<\/td><td class=\"column-2\">Einschulungsdiagnose f\u00fcr die Einschulung 2026 &#8211; Klassen 1-4 unterrichtsfrei, OGS und Betreuung sind <strong>ge\u00f6ffnet!<\/strong><\/td>\n<\/tr>\n<tr class=\"row-20\">\n\t<td class=\"column-1\">12.11.<\/td><td class=\"column-2\">Informationsabend f\u00fcr die Eltern der 4.-Kl\u00e4ssler zum \u00dcbergang in die weiterf\u00fchrende Schule und Radfahrausbildung\/-pr\u00fcfung &nbsp; 19:00 Uhr<\/td>\n<\/tr>\n<tr class=\"row-21\">\n\t<td class=\"column-1\">Nov. &#8211; Dez.<\/td><td class=\"column-2\">Elternsprechtage 1.-3. und im 4. Schuljahr Beratungsgespr\u00e4che f\u00fcr den \u00dcbergang zur weiterf\u00fchrenden Schule<\/td>\n<\/tr>\n<tr class=\"row-22\">\n\t<td class=\"column-1\">26.11.<\/td><td class=\"column-2\">Vorlesetag an der Geschwister-Scholl-Schule<\/td>\n<\/tr>\n<tr class=\"row-23\">\n\t<td class=\"column-1\">10.12.<\/td><td class=\"column-2\">Theaterbesuch &#8211; Weihnachtsst\u00fcck des Stadttheaters Krefeld f\u00fcr alle Klassen<\/td>\n<\/tr>\n<tr class=\"row-24\">\n\t<td class=\"column-1\"><strong>20.12. &#8211; 06.01.<\/strong><\/td><td class=\"column-2\"><strong>Weihnachtsferien (OGS und Betreuung ab dem 05.01.2026 wieder ge\u00f6ffnet)<\/strong><\/td>\n<\/tr>\n<tr class=\"row-25\">\n\t<td class=\"column-1\">***<\/td><td class=\"column-2\">Ganztageskonferenz  &#8211; <strong>unterrichtsfrei<\/strong> &#8211; OGS und Betreuung sind <strong>ge\u00f6ffnet<\/strong><\/td>\n<\/tr>\n<tr class=\"row-26\">\n\t<td class=\"column-1\">06.02.<\/td><td class=\"column-2\">Zeugnisausgabe Halbjahreszeugnisse f\u00fcr die Klassen 3 und 4<\/td>\n<\/tr>\n<tr class=\"row-27\">\n\t<td class=\"column-1\">12.02.<\/td><td class=\"column-2\">Altweiber &#8211; Karneval in der Schule, 11:11 Uhr Schulschluss (OGS und Betreuung ge\u00f6ffnet)<\/td>\n<\/tr>\n<tr class=\"row-28\">\n\t<td class=\"column-1\">13.02.<\/td><td class=\"column-2\">1. beweglicher Ferientag (Karneval) OGS und Betreuung sind <strong>ge\u00f6ffnet!<\/strong><\/td>\n<\/tr>\n<tr class=\"row-29\">\n\t<td class=\"column-1\">16.02.<\/td><td class=\"column-2\">2. beweglicher Ferientag Rosenmontag &#8211; Schule ist geschlossen<\/td>\n<\/tr>\n<tr class=\"row-30\">\n\t<td class=\"column-1\">17. &#8211; 20.02.<\/td><td class=\"column-2\">Zahngesundheit f\u00fcr die Klassen 1 und 3<\/td>\n<\/tr>\n<tr class=\"row-31\">\n\t<td class=\"column-1\">11. &#8211; 13.03.<\/td><td class=\"column-2\">Zahn\u00e4rztl. Dienst, Reihenuntersuchung f\u00fcr alle Klassen<\/td>\n<\/tr>\n<tr class=\"row-32\">\n\t<td class=\"column-1\">10.\/17.\/24.03.<\/td><td class=\"column-2\">Theaterp\u00e4d. Werkstatt Osnabr\u00fcck &#8222;Mein K\u00f6rper geh\u00f6rt mir&#8220; f\u00fcr die 3. und 4. Schuljahre<\/td>\n<\/tr>\n<tr class=\"row-33\">\n\t<td class=\"column-1\"><strong>28.03. &#8211; 12.04.<\/strong><\/td><td class=\"column-2\"><strong>Osterferien (OGS\/Betreuung 1. Woche ge\u00f6ffnet)<\/strong><\/td>\n<\/tr>\n<tr class=\"row-34\">\n\t<td class=\"column-1\">ab 12.04.<\/td><td class=\"column-2\">Elternsprechtage Klassen 1-3<\/td>\n<\/tr>\n<tr class=\"row-35\">\n\t<td class=\"column-1\">22.04.&nbsp;&#8211;&nbsp;08.05.<\/td><td class=\"column-2\">Vergleichsarbeiten Klasse 3 VERA 3<\/td>\n<\/tr>\n<tr class=\"row-36\">\n\t<td class=\"column-1\">15.05.<\/td><td class=\"column-2\">Freitag nach Christi Himmelfahrt ist <strong>nicht frei<\/strong> &#8211; Unterricht!!!<\/td>\n<\/tr>\n<tr class=\"row-37\">\n\t<td class=\"column-1\"><strong>23. &#8211; 26.05.<\/strong><\/td><td class=\"column-2\"><strong>Pfingstferien<\/strong> OGS und Betreuung sind  am 26.05. <strong>ge\u00f6ffnet<\/strong><\/td>\n<\/tr>\n<tr class=\"row-38\">\n\t<td class=\"column-1\">05.06.<\/td><td class=\"column-2\">3.beweglicher Ferientag: Freitag nach Fronleichnam unterrichtsfrei, OGS und Betreuung sind <strong>ge\u00f6ffnet<\/strong><\/td>\n<\/tr>\n<tr class=\"row-39\">\n\t<td class=\"column-1\">13.06.<\/td><td class=\"column-2\">Sommerfest<\/td>\n<\/tr>\n<tr class=\"row-40\">\n\t<td class=\"column-1\">17.07.<\/td><td class=\"column-2\">Letzter Schultag, Zeugnisausgabe<\/td>\n<\/tr>\n<tr class=\"row-41\">\n\t<td class=\"column-1\">18.07. &#8211; 01.09.<\/td><td class=\"column-2\"><strong>Sommerferien<\/strong><br><u>F\u00fcr die Betreuungseinrichtungen gilt:<\/u> 20.07. &#8211; 07.08.2026 Die ersten drei Wochen sind geschlossen. Ab dem 10.08.2026  sind die Betreuungseinrichtungen ge\u00f6ffnet!<\/td>\n<\/tr>\n<tr class=\"row-42\">\n\t<td class=\"column-1\">02.09.2026<\/td><td class=\"column-2\">1. Schultag<\/td>\n<\/tr>\n<\/tbody>\n<\/table>\n<!-- #tablepress-16 from cache -->","protected":false},"excerpt":{"rendered":"<p>Schlie\u00dfungszeiten der Betreuungseinrichtungen finden Sie&nbsp;hier.<\/p>\n","protected":false},"author":9,"featured_media":0,"parent":0,"menu_order":0,"comment_status":"closed","ping_status":"closed","template":"","meta":{"footnotes":""},"class_list":["post-3236","page","type-page","status-publish","hentry"],"_links":{"self":[{"href":"https:\/\/www.gsfun.krefeld.schulen.net\/wordpress\/wp-json\/wp\/v2\/pages\/3236","targetHints":{"allow":["GET"]}}],"collection":[{"href":"https:\/\/www.gsfun.krefeld.schulen.net\/wordpress\/wp-json\/wp\/v2\/pages"}],"about":[{"href":"https:\/\/www.gsfun.krefeld.schulen.net\/wordpress\/wp-json\/wp\/v2\/types\/page"}],"author":[{"embeddable":true,"href":"https:\/\/www.gsfun.krefeld.schulen.net\/wordpress\/wp-json\/wp\/v2\/users\/9"}],"replies":[{"embeddable":true,"href":"https:\/\/www.gsfun.krefeld.schulen.net\/wordpress\/wp-json\/wp\/v2\/comments?post=3236"}],"version-history":[{"count":10,"href":"https:\/\/www.gsfun.krefeld.schulen.net\/wordpress\/wp-json\/wp\/v2\/pages\/3236\/revisions"}],"predecessor-version":[{"id":3315,"href":"https:\/\/www.gsfun.krefeld.schulen.net\/wordpress\/wp-json\/wp\/v2\/pages\/3236\/revisions\/3315"}],"wp:attachment":[{"href":"https:\/\/www.gsfun.krefeld.schulen.net\/wordpress\/wp-json\/wp\/v2\/media?parent=3236"}],"curies":[{"name":"wp","href":"https:\/\/api.w.org\/{rel}","templated":true}]}}