{"id":31,"date":"2017-05-09T15:02:38","date_gmt":"2017-05-09T13:02:38","guid":{"rendered":"https:\/\/www.gsfun.krefeld.schulen.net\/wordpress\/?page_id=31"},"modified":"2025-10-05T08:48:05","modified_gmt":"2025-10-05T06:48:05","slug":"foerderverein","status":"publish","type":"page","link":"https:\/\/www.gsfun.krefeld.schulen.net\/wordpress\/foerderverein\/","title":{"rendered":"F\u00f6rderverein"},"content":{"rendered":"\n<p class=\"has-text-align-left\">Seit vielen Jahren wirkt an der Geschwister-Scholl-Schule unser sehr aktiver F\u00f6rderverein, der von engagierten Eltern mit Leben erf\u00fcllt wird.<\/p>\n\n\n\n<p>Wir freuen uns \u00fcber Ihre Unterst\u00fctzung!<\/p>\n\n\n\n<p>Der aktuelle Vorstand des F\u00f6rdervereins setzt sich wie folgt zusammen:<\/p>\n\n\n<div class=\"wp-block-image\">\n<figure class=\"alignleft size-large is-resized\"><img loading=\"lazy\" decoding=\"async\" width=\"769\" height=\"1024\" src=\"https:\/\/www.gsfun.krefeld.schulen.net\/wordpress\/wp-content\/uploads\/2025\/10\/claudia-sila-769x1024.jpg\" alt=\"\" class=\"wp-image-3374\" style=\"width:auto;height:200px\" srcset=\"https:\/\/www.gsfun.krefeld.schulen.net\/wordpress\/wp-content\/uploads\/2025\/10\/claudia-sila-769x1024.jpg 769w, https:\/\/www.gsfun.krefeld.schulen.net\/wordpress\/wp-content\/uploads\/2025\/10\/claudia-sila-225x300.jpg 225w, https:\/\/www.gsfun.krefeld.schulen.net\/wordpress\/wp-content\/uploads\/2025\/10\/claudia-sila-768x1022.jpg 768w, https:\/\/www.gsfun.krefeld.schulen.net\/wordpress\/wp-content\/uploads\/2025\/10\/claudia-sila-1154x1536.jpg 1154w, https:\/\/www.gsfun.krefeld.schulen.net\/wordpress\/wp-content\/uploads\/2025\/10\/claudia-sila.jpg 1156w\" sizes=\"auto, (max-width: 769px) 100vw, 769px\" \/><figcaption class=\"wp-element-caption\">1. Vorsitzende: Fr. Sila<\/figcaption><\/figure>\n<\/div>\n\n<div class=\"wp-block-image\">\n<figure class=\"alignleft size-full is-resized\"><img loading=\"lazy\" decoding=\"async\" width=\"198\" height=\"260\" src=\"https:\/\/www.gsfun.krefeld.schulen.net\/wordpress\/wp-content\/uploads\/2023\/04\/Patricia-El-Houfia-e1682674930933.jpg\" alt=\"\" class=\"wp-image-2381\" style=\"width:auto;height:200px\"\/><figcaption class=\"wp-element-caption\">2. Vorsitzende: Fr. El Houfia<\/figcaption><\/figure>\n<\/div>\n\n<div class=\"wp-block-image\">\n<figure class=\"alignleft size-full is-resized\"><img loading=\"lazy\" decoding=\"async\" width=\"705\" height=\"940\" src=\"https:\/\/www.gsfun.krefeld.schulen.net\/wordpress\/wp-content\/uploads\/2025\/10\/tina-ruethschilling.jpg\" alt=\"Tina R\u00fcthschilling\" class=\"wp-image-3391\" style=\"width:auto;height:200px\" srcset=\"https:\/\/www.gsfun.krefeld.schulen.net\/wordpress\/wp-content\/uploads\/2025\/10\/tina-ruethschilling.jpg 705w, https:\/\/www.gsfun.krefeld.schulen.net\/wordpress\/wp-content\/uploads\/2025\/10\/tina-ruethschilling-225x300.jpg 225w\" sizes=\"auto, (max-width: 705px) 100vw, 705px\" \/><figcaption class=\"wp-element-caption\">Schatzmeisterin: Tina R\u00fcthschilling<\/figcaption><\/figure>\n<\/div>\n\n\n<div style=\"height:5px\" aria-hidden=\"true\" class=\"wp-block-spacer\"><\/div>\n\n\n\n<p class=\"has-text-align-left\">Kontakt: <a href=\"mailto:foerderverein.gsfun.krefeld@web.de\">foerderverein.gsfun.krefeld@web.de<\/a><\/p>\n\n\n\n<div style=\"height:25px\" aria-hidden=\"true\" class=\"wp-block-spacer\"><\/div>\n\n\n\n<p class=\"s3\"><strong><span class=\"s2\">Was macht eigentlich der F\u00f6rderverein?<\/span><\/strong><\/p>\n\n\n\n<p class=\"s3\"><span class=\"s4\">Der gemeinn\u00fctzige F\u00f6rderverein ist eine Verbindung von Eltern, deren Kinder an der GGS Geschwister-Scholl-Schule lernen, und hat zum Ziel, die Ausstattung und die Gestaltung des Miteinander an der Schule zu bereichern.<\/span><\/p>\n\n\n\n<p class=\"s3\"><span class=\"s4\">Der F\u00f6rderverein finanziert sich ausschlie\u00dflich aus Spenden, etwa die H\u00e4lfte davon sind Mitgliedsbeitr\u00e4ge. <\/span><\/p>\n\n\n\n<p class=\"s3\"><span class=\"s4\">Der Verein arbeitet in den 4 Bereichen Ausstattung, Info, Bildung und Veranstaltungen. Den Hauptanteil der regelm\u00e4\u00dfigen Ausgaben bilden zus\u00e4tzliche F\u00f6rdermaterialien f\u00fcr den Unterricht, die seitens der Schule nicht beschafft werden k\u00f6nnen, sowie die Finanzierung des Programms <\/span><span class=\"s4\">Mein K\u00f6rper geh\u00f6rt mir\u201c.<\/span><\/p>\n\n\n\n<p class=\"s3\"><span class=\"s4\">Weiterhin werden aus den 4 Bereichen verschiedene Projekte umgesetzt. Mit zus\u00e4tzlichen Spielger\u00e4ten beispielsweise sorgt der F\u00f6rderverein f\u00fcr mehr Spa\u00df im freien Spiel. Er finanziert und pflegt die Schulwebsite, so da\u00df sich Interessierte schnell \u00fcber Eckdaten unserer Schule informieren k\u00f6nnen. Der F\u00f6rderverein unterh\u00e4lt und betreut die Sch\u00fclerb\u00fccherei im Innenhof, wo jedes Kind B\u00fccher ausleihen und im kleinen Rahmen die Nutzung einer Bibliothek kennenlernen kann.<\/span><\/p>\n\n\n\n<p class=\"s3\"><span class=\"s4\">Zur Durchf\u00fchrung von Festen ist der F\u00f6rderverein zu einer festen Gr\u00f6\u00dfe geworden. Er koordiniert die vielen helfende H\u00e4nde und Spenden und finanziert die notwendige Partyausr\u00fcstung. Hier kommen Eltern zusammen, kn\u00fcpfen Kontakte und erleben gemeinsam mit ihren Kindern fr\u00f6hliche Stunden an der Schule.<\/span><\/p>\n\n\n\n<p class=\"s3\"><span class=\"s4\">Mach mit! Jedes Mitglied z\u00e4hlt! Jede Spende und jede Aktion flie\u00dft in Projekte, die allen Kindern zugute kommen und die Grundschulzeit <\/span><span class=\"s4\">unserer <\/span><span class=\"s4\">Kinder bereichern.<\/span><\/p>\n\n\n\n<p><strong>Auf einen Blick zusammengefasst (einmalige und wiederkehrende Aktivit\u00e4ten):<\/strong><\/p>\n\n\n\n<ul class=\"wp-block-list\">\n<li>Lernmittel und Klassenausstattung<\/li>\n\n\n\n<li>Ausstattung Schulhof (Fu\u00dfballnetze, Kletterger\u00fcst etc.)<\/li>\n\n\n\n<li>Musikinstrumente<\/li>\n\n\n\n<li>St.-Martins-Feier<\/li>\n\n\n\n<li>Karneval in der Schule<\/li>\n\n\n\n<li>Sommerfest<\/li>\n\n\n\n<li>Schul-T-Shirts<\/li>\n\n\n\n<li>Theaterst\u00fcck &#8222;Mein K\u00f6rper geh\u00f6rt mir&#8220;<\/li>\n\n\n\n<li>Nikolaus<\/li>\n\n\n\n<li>B\u00fccher zum Vorlesetag<\/li>\n\n\n\n<li>Catering beim Sportfest (Wasser und Bananen)<\/li>\n\n\n\n<li>u.v.m.<\/li>\n<\/ul>\n\n\n\n<p><strong>Was k\u00f6nnen Sie tun, um die Aktivit\u00e4ten des F\u00f6rdervereins zu unterst\u00fctzen?<\/strong><\/p>\n\n\n\n<p>Der F\u00f6rderverein wird getragen von aktiven Eltern. Jeder kann bei uns mitmachen und so zum Gelingen unserer Aktivit\u00e4ten beitragen.<\/p>\n\n\n\n<p>Wir haben an unserer Schule traditionell eine sehr engagierte Elternschaft. Wir hoffen, dass Sie auch mitmachen. Wenn jeder nur ein bisschen hilft, ist es f\u00fcr den Einzelnen nicht zu viel \u2013 alles was wir tun, tun wir f\u00fcr unsere und Ihre Kinder!<\/p>\n\n\n\n<p>Leider sind die Mitgliederzahlen in den letzten Jahren etwas r\u00fcckl\u00e4ufig. Deshalb unsere Bitte:<\/p>\n\n\n\n<p><strong><a href=\"https:\/\/www.gsfun.krefeld.schulen.net\/wordpress\/wp-content\/uploads\/2022\/01\/Beitrittserklaerung-FV-SEPA_2022.pdf\" target=\"_blank\" rel=\"noopener noreferrer\">Werden Sie Mitglied im F\u00f6rderverein!<\/a><\/strong><\/p>\n\n\n\n<p>Der Jahresbeitrag betr\u00e4gt nur 12,- \u20ac im Jahr, das ist nur 1,- \u20ac im Monat. Sie k\u00f6nnen auch gerne mehr geben \u2013 ab 25 \u20ac stellen wir Ihnen eine Spendenquittung aus. Hier auf unserer Webseite k\u00f6nnen Sie sich ein <a href=\"https:\/\/www.gsfun.krefeld.schulen.net\/wordpress\/wp-content\/uploads\/2022\/01\/Beitrittserklaerung-FV-SEPA_2022.pdf\" target=\"_blank\" rel=\"noopener noreferrer\"><u>Beitrittsformular<\/u><\/a> ausdrucken. Auch am ersten Elternabend nach den Ferien werden wir in Ihre Klasse kommen und Beitrittserkl\u00e4rungen verteilen. Wir w\u00fcrden uns riesig freuen, wenn Sie sich entschlie\u00dfen k\u00f6nnten, dann Mitglied zu werden. Die aktuelle Satzung k\u00f6nnen Sie im Sekretariat einsehen oder <a href=\"https:\/\/www.gsfun.krefeld.schulen.net\/wordpress\/wp-content\/uploads\/2017\/05\/Satzung_Foerderverein.pdf\" target=\"_blank\" rel=\"noopener noreferrer\"><u>hier<\/u><\/a> herunterladen.<\/p>\n\n\n\n<p>Bitte beteiligen Sie sich auch an unseren Aktionen:<\/p>\n\n\n\n<p>Backen Sie einen Kuchen, helfen Sie in der Cafeteria oder bei den vielen Aktionen unseres Vereins einfach mit. Dies macht Spa\u00df, man lernt neue Leute kennen und kommt mit anderen Eltern und Lehrern ins Gespr\u00e4ch. Gleichzeitig kommen durch diese Aktivit\u00e4ten Spendengelder zusammen, die die oben erw\u00e4hnten Anschaffungen erst m\u00f6glich machen.<\/p>\n\n\n\n<p>Oder machen Sie gleich mit im Team des F\u00f6rdervereins. Wir organisieren und koordinieren die Veranstaltungen des F\u00f6rdervereins an unserer Schule.<\/p>\n\n\n\n<p>Wenn Sie noch Fragen oder Anregungen haben, wenden Sie sich bitte jederzeit, auch gern per <a href=\"mailto:foerderverein.gsfun.krefeld@web.de\">E-Mail <\/a>an uns. Wir freuen uns schon, Sie bald pers\u00f6nlich kennen zu lernen!<\/p>\n\n\n\n<p>Ihr Team des F\u00f6rdervereins<\/p>\n\n\n\n<p class=\"has-text-align-center\"><a href=\"https:\/\/www.gsfun.krefeld.schulen.net\/wordpress\/wp-content\/uploads\/2022\/01\/Beitrittserklaerung-FV-SEPA_2022.pdf\" target=\"_blank\" rel=\"noopener noreferrer\">Beitrittserkl\u00e4rung<\/a><\/p>\n\n\n\n<p class=\"has-text-align-center\">nur noch ausdrucken &#8211; bitte klicken Sie <a href=\"https:\/\/www.gsfun.krefeld.schulen.net\/wordpress\/wp-content\/uploads\/2022\/01\/Beitrittserklaerung-FV-SEPA_2022.pdf\">hier<\/a>!<\/p>\n\n\n\n<h2 class=\"wp-block-heading\">Newsletter<\/h2>\n\n\n<ul class=\"wp-block-latest-posts__list has-dates wp-block-latest-posts\"><li><a class=\"wp-block-latest-posts__post-title\" href=\"https:\/\/www.gsfun.krefeld.schulen.net\/wordpress\/2025\/09\/30\/news-vom-foerderverein-6\/\">News vom F\u00f6rderverein<\/a><time datetime=\"2025-09-30T11:34:14+02:00\" class=\"wp-block-latest-posts__post-date\">30. September 2025<\/time><\/li>\n<li><a class=\"wp-block-latest-posts__post-title\" href=\"https:\/\/www.gsfun.krefeld.schulen.net\/wordpress\/2024\/07\/01\/bundesjugendspiele-an-der-geschwister-scholl-schule-ein-tag-voller-sport-und-spass\/\">Bundesjugendspiele an der Geschwister-Scholl-Schule: Ein Tag voller Sport und Spa\u00df<\/a><time datetime=\"2024-07-01T14:55:57+02:00\" class=\"wp-block-latest-posts__post-date\">1. Juli 2024<\/time><\/li>\n<li><a class=\"wp-block-latest-posts__post-title\" href=\"https:\/\/www.gsfun.krefeld.schulen.net\/wordpress\/2023\/09\/04\/news-vom-foerderverein-5\/\">News vom F\u00f6rderverein<\/a><time datetime=\"2023-09-04T12:38:52+02:00\" class=\"wp-block-latest-posts__post-date\">4. September 2023<\/time><\/li>\n<li><a class=\"wp-block-latest-posts__post-title\" href=\"https:\/\/www.gsfun.krefeld.schulen.net\/wordpress\/2023\/04\/26\/aus-alt-mach-neu-unsere-schulbuecherei\/\">Aus Alt mach Neu: Unsere Schulb\u00fccherei!\u00a0<\/a><time datetime=\"2023-04-26T14:29:29+02:00\" class=\"wp-block-latest-posts__post-date\">26. April 2023<\/time><\/li>\n<li><a class=\"wp-block-latest-posts__post-title\" href=\"https:\/\/www.gsfun.krefeld.schulen.net\/wordpress\/2022\/09\/05\/news-vom-foerderverein-4\/\">News vom F\u00f6rderverein<\/a><time datetime=\"2022-09-05T12:55:29+02:00\" class=\"wp-block-latest-posts__post-date\">5. September 2022<\/time><\/li>\n<\/ul>","protected":false},"excerpt":{"rendered":"<p>Seit vielen Jahren wirkt an der Geschwister-Scholl-Schule unser sehr aktiver F\u00f6rderverein, der von engagierten Eltern mit Leben erf\u00fcllt wird. Wir freuen uns \u00fcber Ihre Unterst\u00fctzung! Der aktuelle Vorstand des F\u00f6rdervereins setzt sich wie folgt zusammen: Kontakt: foerderverein.gsfun.krefeld@web.de Was macht eigentlich<\/p>\n","protected":false},"author":5,"featured_media":1276,"parent":0,"menu_order":0,"comment_status":"closed","ping_status":"closed","template":"","meta":{"footnotes":""},"class_list":["post-31","page","type-page","status-publish","has-post-thumbnail","hentry"],"_links":{"self":[{"href":"https:\/\/www.gsfun.krefeld.schulen.net\/wordpress\/wp-json\/wp\/v2\/pages\/31","targetHints":{"allow":["GET"]}}],"collection":[{"href":"https:\/\/www.gsfun.krefeld.schulen.net\/wordpress\/wp-json\/wp\/v2\/pages"}],"about":[{"href":"https:\/\/www.gsfun.krefeld.schulen.net\/wordpress\/wp-json\/wp\/v2\/types\/page"}],"author":[{"embeddable":true,"href":"https:\/\/www.gsfun.krefeld.schulen.net\/wordpress\/wp-json\/wp\/v2\/users\/5"}],"replies":[{"embeddable":true,"href":"https:\/\/www.gsfun.krefeld.schulen.net\/wordpress\/wp-json\/wp\/v2\/comments?post=31"}],"version-history":[{"count":78,"href":"https:\/\/www.gsfun.krefeld.schulen.net\/wordpress\/wp-json\/wp\/v2\/pages\/31\/revisions"}],"predecessor-version":[{"id":3393,"href":"https:\/\/www.gsfun.krefeld.schulen.net\/wordpress\/wp-json\/wp\/v2\/pages\/31\/revisions\/3393"}],"wp:featuredmedia":[{"embeddable":true,"href":"https:\/\/www.gsfun.krefeld.schulen.net\/wordpress\/wp-json\/wp\/v2\/media\/1276"}],"wp:attachment":[{"href":"https:\/\/www.gsfun.krefeld.schulen.net\/wordpress\/wp-json\/wp\/v2\/media?parent=31"}],"curies":[{"name":"wp","href":"https:\/\/api.w.org\/{rel}","templated":true}]}}