{"id":23,"date":"2017-05-09T15:01:27","date_gmt":"2017-05-09T13:01:27","guid":{"rendered":"https:\/\/www.gsfun.krefeld.schulen.net\/wordpress\/?page_id=23"},"modified":"2018-06-27T13:56:49","modified_gmt":"2018-06-27T11:56:49","slug":"zieleausrichtung","status":"publish","type":"page","link":"https:\/\/www.gsfun.krefeld.schulen.net\/wordpress\/zieleausrichtung\/","title":{"rendered":"Ziele\/Ausrichtung"},"content":{"rendered":"<p>&nbsp;<\/p>\n<p>Unser Ziel ist, dass jedes Kind mit Freude, Mut, Neugier und Selbstvertrauen in einer ansprechenden und respektvollen Lernatmosph\u00e4re nach seinen F\u00e4higkeiten lernt.<\/p>\n<p>Wir m\u00f6chten Bildung, Werte und Wissen vermitteln und Kinder unserer Schule zu selbstst\u00e4ndigen, kommunikations- und kritikf\u00e4higen Pers\u00f6nlichkeiten erziehen.<\/p>\n<figure style=\"width: 1000px\" class=\"wp-caption alignnone\"><img loading=\"lazy\" decoding=\"async\" src=\"https:\/\/www.gsfun.krefeld.schulen.net\/wordpress\/wp-content\/uploads\/2017\/05\/Fotolia_141065725_Subscription_XXL_1000x500.jpg\" alt=\"\" width=\"1000\" height=\"500\" \/><figcaption class=\"wp-caption-text\">\u00a9 Fotolia.de &#8211; Christian Schwier<\/figcaption><\/figure>\n<p><strong>Allgemeine Ziele: Pers\u00f6nlichkeit st\u00e4rken<\/strong><\/p>\n<ul>\n<li>Pers\u00f6nlichkeitsentwicklung und Selbst\u00e4ndigkeit f\u00f6rdern<\/li>\n<li>soziale Koedukation\/Integration anbahnen<\/li>\n<li>Handlungsbereitschaft f\u00f6rdern mit dem Ziel, Grundkenntnisse, F\u00e4higkeiten und Fertigkeiten zu erwerben<\/li>\n<\/ul>\n<p><strong>Aufgaben, um diese Ziele zu erreichen:<\/strong><\/p>\n<ul>\n<li>individuelle Lernm\u00f6glichkeiten unter Ber\u00fccksichtigung individueller Voraussetzungen schaffen<\/li>\n<li>vielf\u00e4ltige M\u00f6glichkeiten zur Eigent\u00e4tigkeit schaffen<\/li>\n<li>verschiedene Sozialformen einrichten<\/li>\n<li>klassen- und jahrgangs\u00fcbergreifendes Lernen mit allen Sinnen<\/li>\n<li>Unterrichtsmethoden, um oben genannte Ziele zu erreichen<\/li>\n<li>vertrauensvolle Atmosph\u00e4re schaffen<\/li>\n<li>Zusammenarbeit mit Eltern und Erziehern und Lehrern und weiterf\u00fchrenden Schulen intensivieren<\/li>\n<li>Weiterbildung und kritische Einsch\u00e4tzung der p\u00e4dagogischen Arbeit<\/li>\n<li>Bewegungsbed\u00fcrfnis ber\u00fccksichtigen<\/li>\n<\/ul>\n<p><strong>Erziehungsziele: Erziehung zu Achtung und Verantwortung f\u00fcreinander<\/strong><\/p>\n<ul>\n<li>Die Kinder werden zu respektvollem Umgang mit Erwachsenen, Kindern, Natur und Sachen erzogen. Dazu geh\u00f6rt die Toleranz gegen\u00fcber anderen in unserer multikulturellen Gesellschaft.<\/li>\n<li>Die Kinder, Lehrer und Eltern entwickeln M\u00f6glichkeiten und Regeln des Miteinanderlebens in der Schulgemeinschaft.<\/li>\n<li>Die Pers\u00f6nlichkeit des Kindes wird gest\u00e4rkt.<\/li>\n<li>keine negativen Reaktionen auf Schw\u00e4chen des Sch\u00fclers und Mitsch\u00fclers<\/li>\n<li>sachliche Kritik in angemessener Form \u00e4u\u00dfern und ertragen lernen<\/li>\n<li>angstfreies Lernen<\/li>\n<li>Die Kinder sollen sich gegenseitig helfen.<\/li>\n<li>Alle Sch\u00fcler sollen motiviert werden Anstrengungsbereitschaft zu zeigen und Leistung zu erbringen.<\/li>\n<li>Lernfreude soll geweckt, gef\u00f6rdert und erhalten werden.<\/li>\n<li>Die Kinder sollen zu selbst\u00e4ndigem Handeln und Urteilen erzogen werden.<\/li>\n<\/ul>\n<p><strong>Konsequenz: Zuverl\u00e4ssige Orientierung<\/strong><\/p>\n<p>S\u00e4mtliche Erziehungsma\u00dfnahmen m\u00fcssen mit Konsequenz durchgef\u00fchrt werden. Die Sch\u00fcler sollen erfahren, dass Verst\u00f6\u00dfe gegen die Schulordnung\u00a0 Folgen haben.\u00dcber schwerwiegende oder wiederholte Verst\u00f6\u00dfe\u00a0 werden die Erziehungsberechtigten informiert. Der Klassenlehrer\/die Klassenlehrerin ber\u00e4t gemeinsam mit den Erziehungsberechtigten die Konsequenzen und legt das weitere Vorgehen fest.<\/p>\n<p>&nbsp;<\/p>\n<figure id=\"attachment_345\" aria-describedby=\"caption-attachment-345\" style=\"width: 1000px\" class=\"wp-caption alignleft\"><a href=\"https:\/\/www.gsfun.krefeld.schulen.net\/wordpress\/wp-content\/uploads\/2017\/05\/Fotolia_132964807_Subscription_XXL_1000x500.jpg\"><img loading=\"lazy\" decoding=\"async\" class=\"wp-image-345 size-full\" src=\"https:\/\/www.gsfun.krefeld.schulen.net\/wordpress\/wp-content\/uploads\/2017\/05\/Fotolia_132964807_Subscription_XXL_1000x500.jpg\" alt=\"\" width=\"1000\" height=\"500\" srcset=\"https:\/\/www.gsfun.krefeld.schulen.net\/wordpress\/wp-content\/uploads\/2017\/05\/Fotolia_132964807_Subscription_XXL_1000x500.jpg 1000w, https:\/\/www.gsfun.krefeld.schulen.net\/wordpress\/wp-content\/uploads\/2017\/05\/Fotolia_132964807_Subscription_XXL_1000x500-300x150.jpg 300w, https:\/\/www.gsfun.krefeld.schulen.net\/wordpress\/wp-content\/uploads\/2017\/05\/Fotolia_132964807_Subscription_XXL_1000x500-768x384.jpg 768w\" sizes=\"auto, (max-width: 1000px) 100vw, 1000px\" \/><\/a><figcaption id=\"caption-attachment-345\" class=\"wp-caption-text\">\u00a9 Fotolia.de \u2013 MurielleB<\/figcaption><\/figure>\n<h2><strong>Gemeinsame Vereinbarung<\/strong><\/h2>\n<p><strong>Alle Kinder unserer Schule haben Folgendes vereinbart:<\/strong><\/p>\n<ul>\n<li>Wir gef\u00e4hrden uns nicht.<\/li>\n<li>Wir stellen uns nicht auf die Tischtennisplatte, Tische und B\u00e4nke.<\/li>\n<li>Wir klettern nicht an der Basketballstange hoch, auf B\u00e4ume oder den Ballcharlie.<\/li>\n<li>Wir schubsen, dr\u00e4ngeln, \u00e4rgern und spucken nicht.<\/li>\n<li>Wir schlagen uns nicht.<\/li>\n<li>Wir bewerfen uns nicht mit Laub, Sand, Steinen und Schnee.<\/li>\n<\/ul>\n<p><strong>Wir gehen friedlich miteinander um:<\/strong><\/p>\n<ul>\n<li>Wir spielen miteinander, tr\u00f6sten und helfen uns gegenseitig.<\/li>\n<li>Im Notfall holen wir die aufsichtsf\u00fchrende Lehrerin.<\/li>\n<li>Wir stellen uns beim Schellen sofort auf.<\/li>\n<li>Wir trinken nur in der Klasse.<\/li>\n<li>Wir gehen m\u00f6glichst nur in der Pause zur Toilette.<\/li>\n<li>Wir verlassen bei Pausenbeginn oder Unterrichtsschluss z\u00fcgig das Schulgeb\u00e4ude.<\/li>\n<li>Wir schreien und rennen im Schulgeb\u00e4ude nicht.<\/li>\n<\/ul>\n<p><strong>Wir halten unseren Schulhof und das Schulgeb\u00e4ude in Ordnung:<\/strong><\/p>\n<ul>\n<li>Wir h\u00e4ngen unsere Jacken im Flur auf.<\/li>\n<li>Wir werfen M\u00fcll immer in die M\u00fclltonne.<\/li>\n<li>Wir halten die Toiletten sauber.<\/li>\n<li>Wir sch\u00fctzen die Anlagen und laufen deshalb nicht durch die B\u00fcsche.<\/li>\n<li>Wir brechen keine \u00c4ste von den B\u00e4umen und B\u00fcschen ab.<\/li>\n<li>Wir halten uns nur zur B\u00fccherausleihe im Innenhof auf, in den Pausen spielen wir nur auf dem Schulhof.<\/li>\n<\/ul>\n<figure id=\"attachment_356\" aria-describedby=\"caption-attachment-356\" style=\"width: 1000px\" class=\"wp-caption alignleft\"><a href=\"https:\/\/www.gsfun.krefeld.schulen.net\/wordpress\/wp-content\/uploads\/2017\/05\/Fotolia_151450236_Subscription_XXL_1000x500.jpg\"><img loading=\"lazy\" decoding=\"async\" class=\"wp-image-356 size-full\" src=\"https:\/\/www.gsfun.krefeld.schulen.net\/wordpress\/wp-content\/uploads\/2017\/05\/Fotolia_151450236_Subscription_XXL_1000x500.jpg\" alt=\"\" width=\"1000\" height=\"500\" srcset=\"https:\/\/www.gsfun.krefeld.schulen.net\/wordpress\/wp-content\/uploads\/2017\/05\/Fotolia_151450236_Subscription_XXL_1000x500.jpg 1000w, https:\/\/www.gsfun.krefeld.schulen.net\/wordpress\/wp-content\/uploads\/2017\/05\/Fotolia_151450236_Subscription_XXL_1000x500-300x150.jpg 300w, https:\/\/www.gsfun.krefeld.schulen.net\/wordpress\/wp-content\/uploads\/2017\/05\/Fotolia_151450236_Subscription_XXL_1000x500-768x384.jpg 768w\" sizes=\"auto, (max-width: 1000px) 100vw, 1000px\" \/><\/a><figcaption id=\"caption-attachment-356\" class=\"wp-caption-text\">\u00a9 Fotolia.de \u2013 Syda Productions<\/figcaption><\/figure>\n<h2><strong>Wir sind ein Team!<\/strong><\/h2>\n<p><strong>Wir<\/strong> \u2013 das sind alle Sch\u00fclerinnen und Sch\u00fcler, Lehrer, Lehrerinnen und Eltern der Schule, die Mitarbeiter\/innen der Ogata und Betreuungsgruppe, die Sekret\u00e4rin und der Hausmeister. Unsere Schule ist ein Haus des Lernens und soll gleichzeitig ein Ort sein, in dem sich alle wohlf\u00fchlen.<\/p>\n<p>Eine enge Zusammenarbeit ist zur Umsetzung unserer umfangreichen Ziele unbedingt n\u00f6tig.\u00a0 So spielen Absprachen und gemeinsame Gespr\u00e4che auf vielf\u00e4ltige Weise eine gro\u00dfe Rolle in unserem Schulalltag. Wir haben uns zum Ziel gesetzt diese immer weiter auszubauen und zu intensivieren.<\/p>\n","protected":false},"excerpt":{"rendered":"<p>&nbsp; Unser Ziel ist, dass jedes Kind mit Freude, Mut, Neugier und Selbstvertrauen in einer ansprechenden und respektvollen Lernatmosph\u00e4re nach seinen F\u00e4higkeiten lernt. Wir m\u00f6chten Bildung, Werte und Wissen vermitteln und Kinder unserer Schule zu selbstst\u00e4ndigen, kommunikations- und kritikf\u00e4higen Pers\u00f6nlichkeiten<\/p>\n","protected":false},"author":5,"featured_media":0,"parent":0,"menu_order":0,"comment_status":"closed","ping_status":"closed","template":"","meta":{"footnotes":""},"class_list":["post-23","page","type-page","status-publish","hentry"],"_links":{"self":[{"href":"https:\/\/www.gsfun.krefeld.schulen.net\/wordpress\/wp-json\/wp\/v2\/pages\/23","targetHints":{"allow":["GET"]}}],"collection":[{"href":"https:\/\/www.gsfun.krefeld.schulen.net\/wordpress\/wp-json\/wp\/v2\/pages"}],"about":[{"href":"https:\/\/www.gsfun.krefeld.schulen.net\/wordpress\/wp-json\/wp\/v2\/types\/page"}],"author":[{"embeddable":true,"href":"https:\/\/www.gsfun.krefeld.schulen.net\/wordpress\/wp-json\/wp\/v2\/users\/5"}],"replies":[{"embeddable":true,"href":"https:\/\/www.gsfun.krefeld.schulen.net\/wordpress\/wp-json\/wp\/v2\/comments?post=23"}],"version-history":[{"count":24,"href":"https:\/\/www.gsfun.krefeld.schulen.net\/wordpress\/wp-json\/wp\/v2\/pages\/23\/revisions"}],"predecessor-version":[{"id":3085,"href":"https:\/\/www.gsfun.krefeld.schulen.net\/wordpress\/wp-json\/wp\/v2\/pages\/23\/revisions\/3085"}],"wp:attachment":[{"href":"https:\/\/www.gsfun.krefeld.schulen.net\/wordpress\/wp-json\/wp\/v2\/media?parent=23"}],"curies":[{"name":"wp","href":"https:\/\/api.w.org\/{rel}","templated":true}]}}