{"id":21,"date":"2017-05-09T15:01:11","date_gmt":"2017-05-09T13:01:11","guid":{"rendered":"https:\/\/www.gsfun.krefeld.schulen.net\/wordpress\/?page_id=21"},"modified":"2025-05-19T09:40:05","modified_gmt":"2025-05-19T07:40:05","slug":"unsere-schule","status":"publish","type":"page","link":"https:\/\/www.gsfun.krefeld.schulen.net\/wordpress\/unsere-schule\/","title":{"rendered":"Unsere Schule"},"content":{"rendered":"\n<p>Zur Zeit besuchen etwa 320 Sch\u00fcler die Schule in insgesamt 12 Klassen.<\/p>\n\n\n\n<figure class=\"wp-block-image\"><a href=\"https:\/\/www.gsfun.krefeld.schulen.net\/wordpress\/wp-content\/uploads\/2017\/05\/schueler_und_lehrer_april_2018_2.jpg\"><img loading=\"lazy\" decoding=\"async\" width=\"2800\" height=\"2000\" src=\"https:\/\/www.gsfun.krefeld.schulen.net\/wordpress\/wp-content\/uploads\/2017\/05\/schueler_und_lehrer_april_2018_2.jpg\" alt=\"\" class=\"wp-image-810\" srcset=\"https:\/\/www.gsfun.krefeld.schulen.net\/wordpress\/wp-content\/uploads\/2017\/05\/schueler_und_lehrer_april_2018_2.jpg 2800w, https:\/\/www.gsfun.krefeld.schulen.net\/wordpress\/wp-content\/uploads\/2017\/05\/schueler_und_lehrer_april_2018_2-300x214.jpg 300w, https:\/\/www.gsfun.krefeld.schulen.net\/wordpress\/wp-content\/uploads\/2017\/05\/schueler_und_lehrer_april_2018_2-768x549.jpg 768w, https:\/\/www.gsfun.krefeld.schulen.net\/wordpress\/wp-content\/uploads\/2017\/05\/schueler_und_lehrer_april_2018_2-1024x731.jpg 1024w\" sizes=\"auto, (max-width: 2800px) 100vw, 2800px\" \/><\/a><\/figure>\n\n\n\n<p><strong>Unterricht<\/strong><\/p>\n\n\n\n<p>Die Kinder der Klassen erhalten im ersten Schuljahr 21, im zweiten Schuljahr 22, im dritten Schuljahr 25 und im vierten Schuljahr 26 Unterrichtsstunden pro Woche.<\/p>\n\n\n\n<p>An unserer Schule wird katholische und evangelische Religion angeboten. Ab der zweiten Klasse wird ein <a href=\"https:\/\/www.gsfun.krefeld.schulen.net\/wordpress\/schulgottesdienste\/\" data-type=\"page\" data-id=\"632\">Schulgottesdienst<\/a> in der katholischen Kirche <a href=\"https:\/\/augustinus-krefeld.de\/st-karl-borromaeus\/\" target=\"_blank\" rel=\"noopener\">Sankt Karl Borrom\u00e4us<\/a> am Fungendonk und der evangelischen <a href=\"http:\/\/oppum.ekir.de\/\" target=\"_blank\" rel=\"noopener\">Auferstehungskirche<\/a> am Buschdonk angeboten.<\/p>\n\n\n\n<p>Zu den F\u00e4chern, die gelehrt werden, geh\u00f6ren neben den Hauptf\u00e4chern wie Mathematik, Deutsch und Sachunterricht auch Musik, Englisch, Kunst und Sport. In der zweiten Klasse wird der Sportunterricht in Schwimmunterricht und Sportunterricht in der Turnhalle aufgeteilt. Der Sportunterricht wird in der Turnhalle gegen\u00fcber, der Schwimmunterricht im Lehrschwimmbad in Krefeld-Linn erteilt. Die Kinder fahren im Klassenverbund mit dem Bus zum Schwimmbad.<\/p>\n","protected":false},"excerpt":{"rendered":"<p>Zur Zeit besuchen etwa 320 Sch\u00fcler die Schule in insgesamt 12 Klassen.<\/p>\n","protected":false},"author":5,"featured_media":256,"parent":0,"menu_order":0,"comment_status":"closed","ping_status":"closed","template":"","meta":{"footnotes":""},"class_list":["post-21","page","type-page","status-publish","has-post-thumbnail","hentry"],"_links":{"self":[{"href":"https:\/\/www.gsfun.krefeld.schulen.net\/wordpress\/wp-json\/wp\/v2\/pages\/21","targetHints":{"allow":["GET"]}}],"collection":[{"href":"https:\/\/www.gsfun.krefeld.schulen.net\/wordpress\/wp-json\/wp\/v2\/pages"}],"about":[{"href":"https:\/\/www.gsfun.krefeld.schulen.net\/wordpress\/wp-json\/wp\/v2\/types\/page"}],"author":[{"embeddable":true,"href":"https:\/\/www.gsfun.krefeld.schulen.net\/wordpress\/wp-json\/wp\/v2\/users\/5"}],"replies":[{"embeddable":true,"href":"https:\/\/www.gsfun.krefeld.schulen.net\/wordpress\/wp-json\/wp\/v2\/comments?post=21"}],"version-history":[{"count":24,"href":"https:\/\/www.gsfun.krefeld.schulen.net\/wordpress\/wp-json\/wp\/v2\/pages\/21\/revisions"}],"predecessor-version":[{"id":3132,"href":"https:\/\/www.gsfun.krefeld.schulen.net\/wordpress\/wp-json\/wp\/v2\/pages\/21\/revisions\/3132"}],"wp:featuredmedia":[{"embeddable":true,"href":"https:\/\/www.gsfun.krefeld.schulen.net\/wordpress\/wp-json\/wp\/v2\/media\/256"}],"wp:attachment":[{"href":"https:\/\/www.gsfun.krefeld.schulen.net\/wordpress\/wp-json\/wp\/v2\/media?parent=21"}],"curies":[{"name":"wp","href":"https:\/\/api.w.org\/{rel}","templated":true}]}}