{"id":1176,"date":"2021-07-05T22:26:17","date_gmt":"2021-07-05T20:26:17","guid":{"rendered":"https:\/\/www.gsfun.krefeld.schulen.net\/wordpress\/?page_id=1176"},"modified":"2021-09-22T22:48:50","modified_gmt":"2021-09-22T20:48:50","slug":"termine","status":"publish","type":"page","link":"https:\/\/www.gsfun.krefeld.schulen.net\/wordpress\/termine\/","title":{"rendered":"Termine 2021\/2022"},"content":{"rendered":"<p>&nbsp;<br \/>\nSchulgottesdienste siehe separate \u00dcbersicht (<a href=\"https:\/\/www.gsfun.krefeld.schulen.net\/wordpress\/schulgottesdienste\/\">hier klicken<\/a>)<br \/>\n&nbsp;<br \/>\n\n<table id=\"tablepress-1\" class=\"tablepress tablepress-id-1\">\n<tbody class=\"row-striping row-hover\">\n<tr class=\"row-1\">\n\t<td class=\"column-1\">Mi, 18.08.<\/td><td class=\"column-2\">1.Schultag<\/td><td class=\"column-3\">9:00 - 11:45<\/td>\n<\/tr>\n<tr class=\"row-2\">\n\t<td class=\"column-1\">Do, 19.08.<\/td><td class=\"column-2\">Einschulung der Schulneulinge<\/td><td class=\"column-3\">9:00\/10:00\/11:00<\/td>\n<\/tr>\n<tr class=\"row-3\">\n\t<td class=\"column-1\">Mi, 25.08.<\/td><td class=\"column-2\">1. Elternabend 1a\/1b\/1c<\/td><td class=\"column-3\"><\/td>\n<\/tr>\n<tr class=\"row-4\">\n\t<td class=\"column-1\">Fr, 27.08.<\/td><td class=\"column-2\">Fotografin Frau Hein f\u00fcr die 1. Schuljahre<\/td><td class=\"column-3\"><\/td>\n<\/tr>\n<tr class=\"row-5\">\n\t<td class=\"column-1\">Mo, 20.09.<\/td><td class=\"column-2\">Schulpflegschaftssitzung<\/td><td class=\"column-3\">19:30<\/td>\n<\/tr>\n<tr class=\"row-6\">\n\t<td class=\"column-1\">27.09. - 01.10.2021<\/td><td class=\"column-2\">Vergabe individueller Anmeldetermine f\u00fcr Schulneulinge 2021-22 <br \/>\n(Tel. 540787)<\/td><td class=\"column-3\"><\/td>\n<\/tr>\n<tr class=\"row-7\">\n\t<td class=\"column-1\">27.09.2021<\/td><td class=\"column-2\">Jahreshauptversammlung F\u00f6rderverein<\/td><td class=\"column-3\">19:30<\/td>\n<\/tr>\n<tr class=\"row-8\">\n\t<td class=\"column-1\">Do, 30.09.<\/td><td class=\"column-2\">Schulkonferenz<\/td><td class=\"column-3\">19:30<\/td>\n<\/tr>\n<tr class=\"row-9\">\n\t<td class=\"column-1\">04.10. - 08.10.<\/td><td class=\"column-2\">Anmeldegespr\u00e4che f\u00fcr Schulneulinge 2021-22 (Terminvergabe)<\/td><td class=\"column-3\">Nur mit Termin<\/td>\n<\/tr>\n<tr class=\"row-10\">\n\t<td class=\"column-1\">Di, 05.10.<\/td><td class=\"column-2\">Einheitlicher Anmeldetermin f\u00fcr alle Grundschulen<\/td><td class=\"column-3\">14:30 - 18:00<\/td>\n<\/tr>\n<tr class=\"row-11\">\n\t<td class=\"column-1\"><strong>09. - 24.10.<\/strong><\/td><td class=\"column-2\"><strong>Herbstferien (OGS\/Betreuung 1. Wo. ge\u00f6ffnet)<\/strong><\/td><td class=\"column-3\"><\/td>\n<\/tr>\n<tr class=\"row-12\">\n\t<td class=\"column-1\">28.10.2021<\/td><td class=\"column-2\">Laternenbasteltag<\/td><td class=\"column-3\"><\/td>\n<\/tr>\n<tr class=\"row-13\">\n\t<td class=\"column-1\">08.11.-12.11.<\/td><td class=\"column-2\">Laternenausstellung \"Schaufenster\" mit Klassenaktionstagen<\/td><td class=\"column-3\"><\/td>\n<\/tr>\n<tr class=\"row-14\">\n\t<td class=\"column-1\">03.11.<\/td><td class=\"column-2\">Informationsabend f\u00fcr die Eltern der 4.-Kl\u00e4ssler zum \u00dcbergang in die weiterf\u00fchrende Schule und Radfahrausbildung\/-pr\u00fcfung<\/td><td class=\"column-3\">19:30<\/td>\n<\/tr>\n<tr class=\"row-15\">\n\t<td class=\"column-1\">ab 15.11.<\/td><td class=\"column-2\">Elternsprechtage, 4. Schuljahr Beratungsgespr\u00e4che f\u00fcr den \u00dcbergang zur weiterf\u00fchrenden Schule<\/td><td class=\"column-3\"><\/td>\n<\/tr>\n<tr class=\"row-16\">\n\t<td class=\"column-1\">19.11.2021<\/td><td class=\"column-2\">Bundesweiter Vorlesetag<\/td><td class=\"column-3\"><\/td>\n<\/tr>\n<tr class=\"row-17\">\n\t<td class=\"column-1\">29.11.<\/td><td class=\"column-2\">Theaterbesuch \"Des Kaisers neue Kleider\" (Weihnachtsst\u00fcck des Stadttheaters) f\u00fcr alle Klassen<\/td><td class=\"column-3\"><\/td>\n<\/tr>\n<tr class=\"row-18\">\n\t<td class=\"column-1\"><strong>24.12. - 09.01.<\/strong><\/td><td class=\"column-2\"><strong>Weihnachtsferien (OGS und Betreuung wieder ab dem 03.01.2022)<\/strong><\/td><td class=\"column-3\"><\/td>\n<\/tr>\n<tr class=\"row-19\">\n\t<td class=\"column-1\">03.02.<\/td><td class=\"column-2\">Ganztageskonferenz -unterrichtsfrei - nur Notbetreuung in der OGS und Betreuung<\/td><td class=\"column-3\"><\/td>\n<\/tr>\n<tr class=\"row-20\">\n\t<td class=\"column-1\">14. - 18.02.<\/td><td class=\"column-2\">Projektwoche \"Theater\"<\/td><td class=\"column-3\"><\/td>\n<\/tr>\n<tr class=\"row-21\">\n\t<td class=\"column-1\">24.02.<\/td><td class=\"column-2\">Altweiber - Karneval in der Schule, 11:11 Uhr Schulschluss<\/td><td class=\"column-3\"><\/td>\n<\/tr>\n<tr class=\"row-22\">\n\t<td class=\"column-1\">25.02.<\/td><td class=\"column-2\">Beweglicher Ferientag, OGS und Betreuung ge\u00f6ffnet!<\/td><td class=\"column-3\"><\/td>\n<\/tr>\n<tr class=\"row-23\">\n\t<td class=\"column-1\">28.02.<\/td><td class=\"column-2\">Rosenmontag - Schule ist geschlossen<\/td><td class=\"column-3\"><\/td>\n<\/tr>\n<tr class=\"row-24\">\n\t<td class=\"column-1\"><strong>09.04. - 24.04.<\/strong><\/td><td class=\"column-2\"><strong>Osterferien (OGS\/Betreuung 1. Woche ge\u00f6ffnet)<\/strong><\/td><td class=\"column-3\"><\/td>\n<\/tr>\n<tr class=\"row-25\">\n\t<td class=\"column-1\">ab 25.04.<\/td><td class=\"column-2\">Elternsprechtage Klassen 1-3<\/td><td class=\"column-3\"><\/td>\n<\/tr>\n<tr class=\"row-26\">\n\t<td class=\"column-1\">02.05.<\/td><td class=\"column-2\">Kein Unterricht, OGS\/Betreuung ge\u00f6ffnet<\/td><td class=\"column-3\"><\/td>\n<\/tr>\n<tr class=\"row-27\">\n\t<td class=\"column-1\">13.05.<\/td><td class=\"column-2\">Radfahrpr\u00fcfung in den 4. Klassen<\/td><td class=\"column-3\"><\/td>\n<\/tr>\n<tr class=\"row-28\">\n\t<td class=\"column-1\">21.05.<\/td><td class=\"column-2\">Schulfest<\/td><td class=\"column-3\">14:00 - 16:00<\/td>\n<\/tr>\n<tr class=\"row-29\">\n\t<td class=\"column-1\">27.05.<\/td><td class=\"column-2\">Beweglicher Ferientag (Christi Himmelfahrt) OGS\/Betreuung geschlossen<\/td><td class=\"column-3\"><\/td>\n<\/tr>\n<tr class=\"row-30\">\n\t<td class=\"column-1\">17.06.<\/td><td class=\"column-2\">Beweglicher Ferientag (Fronleichnam) OGS\/Betreuung ge\u00f6ffnet<\/td><td class=\"column-3\"><\/td>\n<\/tr>\n<tr class=\"row-31\">\n\t<td class=\"column-1\">24.06.<\/td><td class=\"column-2\">Letzter Schultag, Zeugnisausgabe<\/td><td class=\"column-3\"><\/td>\n<\/tr>\n<tr class=\"row-32\">\n\t<td class=\"column-1\"><strong>25.06. - 09.08.<\/strong><\/td><td class=\"column-2\"><strong>Sommerferien -  OGS\/Betreuung ab dem 18.07. wieder ge\u00f6ffnet<\/strong><\/td><td class=\"column-3\"><\/td>\n<\/tr>\n<\/tbody>\n<\/table>\n<!-- #tablepress-1 from cache -->\n<p><b>Termine des Schuljahres 2020\/2021 finden Sie <a href=\"https:\/\/www.gsfun.krefeld.schulen.net\/wordpress\/termine-2020-2021\/\">hier<\/a>.<\/b><\/p>\n","protected":false},"excerpt":{"rendered":"<p>&nbsp; Schulgottesdienste siehe separate \u00dcbersicht (hier klicken) &nbsp; Termine des Schuljahres 2020\/2021 finden Sie hier.<\/p>\n","protected":false},"author":4,"featured_media":0,"parent":0,"menu_order":0,"comment_status":"closed","ping_status":"closed","template":"","meta":{"footnotes":""},"class_list":["post-1176","page","type-page","status-publish","hentry"],"_links":{"self":[{"href":"https:\/\/www.gsfun.krefeld.schulen.net\/wordpress\/wp-json\/wp\/v2\/pages\/1176","targetHints":{"allow":["GET"]}}],"collection":[{"href":"https:\/\/www.gsfun.krefeld.schulen.net\/wordpress\/wp-json\/wp\/v2\/pages"}],"about":[{"href":"https:\/\/www.gsfun.krefeld.schulen.net\/wordpress\/wp-json\/wp\/v2\/types\/page"}],"author":[{"embeddable":true,"href":"https:\/\/www.gsfun.krefeld.schulen.net\/wordpress\/wp-json\/wp\/v2\/users\/4"}],"replies":[{"embeddable":true,"href":"https:\/\/www.gsfun.krefeld.schulen.net\/wordpress\/wp-json\/wp\/v2\/comments?post=1176"}],"version-history":[{"count":26,"href":"https:\/\/www.gsfun.krefeld.schulen.net\/wordpress\/wp-json\/wp\/v2\/pages\/1176\/revisions"}],"predecessor-version":[{"id":1482,"href":"https:\/\/www.gsfun.krefeld.schulen.net\/wordpress\/wp-json\/wp\/v2\/pages\/1176\/revisions\/1482"}],"wp:attachment":[{"href":"https:\/\/www.gsfun.krefeld.schulen.net\/wordpress\/wp-json\/wp\/v2\/media?parent=1176"}],"curies":[{"name":"wp","href":"https:\/\/api.w.org\/{rel}","templated":true}]}}